{"id":18,"date":"2021-02-28T09:51:34","date_gmt":"2021-02-28T09:51:34","guid":{"rendered":"https:\/\/mctd.dk\/?page_id=18"},"modified":"2023-03-30T08:55:05","modified_gmt":"2023-03-30T08:55:05","slug":"mctd","status":"publish","type":"page","link":"https:\/\/mctd.dk\/","title":{"rendered":"MCTD"},"content":{"rendered":"\n<p><strong>MCTD<\/strong><strong><\/strong><\/p>\n\n\n\n<p><strong>Mixed Connective Tissue Disease<br><\/strong><br>Denne hjemmeside er lavet af Gigtforeningens Diagnosenetv\u00e6rk og henvender sig til patienter med sygdommen MCTD, deres p\u00e5r\u00f8rende og andre interesserede.<\/p>\n\n\n\n<p>MCTD er en sj\u00e6lden, langvarig immunbet\u00e6ndelse \u2013 en autoimmun sygdom &#8211; som blev \u201dfundet\u201d i 1972. Kroppens immunsystem danner hos alle mennesker antistoffer for at beskytte os imod indtr\u00e6ngende mikroorganismer, som f.eks. bakterier og virus. Autoimmune sygdomme er sygdomme, hvor immunsystemet danner antistoffer mod kroppens eget v\u00e6v, dvs. immunsystemet \u201dtager fejl\u201d og angriber forkerte steder. Symptomerne vil stamme fra det eller de organer, som bliver ramt. &nbsp;<\/p>\n\n\n\n<p>MCTD best\u00e5r af elementer fra andre sj\u00e6ldne bindev\u00e6vssygdomme: Systemisk Lupus Erythematosus (SLE) , Sklerodermi , Muskelbet\u00e6ndelse (polymyosit). De fleste patienter har desuden \u201dhvide fingre\u201d &#8211; Raynauds f\u00e6nomen og specielle autoantistoffer, som kan m\u00e5les i blodpr\u00f8ver.<\/p>\n\n\n\n<p><strong>Pjece<\/strong> <strong>om MCTD<\/strong>.                                                                                                                                                                                                      Pjecen er lavet af Diagnosenetv\u00e6rket MCTD i samarbejde med Gigtforeningen og Reumatologisk afdeling p\u00e5 Odense Universitets Hospital.          Se under Pjece.&nbsp;<\/p>\n\n\n\n<p><strong>National Behandlings Vejledning         <\/strong>                                                                                                                                                                        Dansk Reumatologisk selskab har lavet en National Behandlings Vejledning ( NBV)  for MCTD . Anne Troldborg, l\u00e6ge ved Reumatologisk afdeling, Aarhus Universitets Hospital, har v\u00e6ret tovholder. NBV er skrevet til reumatologer og derfor skrevet i l\u00e6gesprog, men der er helt klart noget man kan blive klogere af og som er direkte brugbart. Blot skal man huske, at det er en vejledning og ikke en facitliste.                                                          Se NBV under Link<\/p>\n\n\n\n<p><\/p>\n\n\n\n<p><strong>Gigtforeningens Diagnosenetv\u00e6rk &#8211; MCTD.<\/strong><\/p>\n\n\n\n<p>Diagnosenetv\u00e6rk er landsd\u00e6kkende interessenetv\u00e6rk for mennesker med s\u00e6rlige gigtsygdomme. Gigtforeningen har forskellige diagnosenetv\u00e6rk, hvor mennesker med samme diagnose m\u00f8des og udveksler erfaringer. Diagnosenetv\u00e6rket MCTD blev startet i 2013, samtidig med en lukket Facebook gruppe. Her udveksles erfaringer, ideer, tanker, gl\u00e6der og frustrationer.<\/p>\n\n\n\n<p>Diagnosenetv\u00e6rket laver arrangementer med forskellige emner og opl\u00e6gsholdere. Arrangementer afholdes ofte i Odense, og annonceres i Gigtforeningens blad, p\u00e5 deres hjemmeside, her, p\u00e5 facebookgruppen og evt. ved opslag p\u00e5 sygehusene. Arrangementer afholdes med hj\u00e6lp fra den lokale afdeling af Gigtforeningen og deltagere i netv\u00e6rket. Det er dejligt, inspirerende, hyggeligt, sjovt og l\u00e6rerigt at m\u00f8des til vores arrangementer. Efterh\u00e5nden l\u00e6rer vi hinanden godt at kende og venskaber er opst\u00e5et p\u00e5 tv\u00e6rs af landet<\/p>\n\n\n\n<p>Vi vil her gerne kraftigt opfordre til, at man melder sig ind i Gigtforeningen. Uden Gigtforeningen ville vi ikke have et Diagnosenetv\u00e6rk og vi ville ikke kunne afholde arrangementer. Desuden er Gigtforeningen i h\u00f8j grad med til at s\u00e6tte Gigtsygdomme p\u00e5 dagsordenen i den almene og politiske debat. Gigtforeningen er ogs\u00e5 med til at muligg\u00f8re forskning p\u00e5 mere specifikke omr\u00e5der indenfor gigtsygdommene.<\/p>\n\n\n\n\n\n<p><a href=\"https:\/\/mctd.dk\/none\"><\/a><\/p>\n\n\n\n\n\n<p><a href=\"https:\/\/mctd.dk\/none\"><\/a><\/p>\n","protected":false},"excerpt":{"rendered":"<p>MCTD Mixed Connective Tissue DiseaseDenne hjemmeside er lavet af Gigtforeningens Diagnosenetv\u00e6rk og henvender sig til patienter med sygdommen MCTD, deres p\u00e5r\u00f8rende og andre interesserede. MCTD er en sj\u00e6lden, langvarig immunbet\u00e6ndelse \u2013 en autoimmun sygdom &#8211; som blev \u201dfundet\u201d i 1972. Kroppens immunsystem danner hos alle mennesker antistoffer for at beskytte os imod indtr\u00e6ngende mikroorganismer, som &#8230; <a title=\"MCTD\" class=\"read-more\" href=\"https:\/\/mctd.dk\/\" aria-label=\"Read more about MCTD\">L\u00e6s mere <\/a><\/p>\n","protected":false},"author":1,"featured_media":0,"parent":0,"menu_order":0,"comment_status":"closed","ping_status":"closed","template":"","meta":{"footnotes":""},"class_list":["post-18","page","type-page","status-publish"],"_links":{"self":[{"href":"https:\/\/mctd.dk\/index.php\/wp-json\/wp\/v2\/pages\/18","targetHints":{"allow":["GET"]}}],"collection":[{"href":"https:\/\/mctd.dk\/index.php\/wp-json\/wp\/v2\/pages"}],"about":[{"href":"https:\/\/mctd.dk\/index.php\/wp-json\/wp\/v2\/types\/page"}],"author":[{"embeddable":true,"href":"https:\/\/mctd.dk\/index.php\/wp-json\/wp\/v2\/users\/1"}],"replies":[{"embeddable":true,"href":"https:\/\/mctd.dk\/index.php\/wp-json\/wp\/v2\/comments?post=18"}],"version-history":[{"count":6,"href":"https:\/\/mctd.dk\/index.php\/wp-json\/wp\/v2\/pages\/18\/revisions"}],"predecessor-version":[{"id":113,"href":"https:\/\/mctd.dk\/index.php\/wp-json\/wp\/v2\/pages\/18\/revisions\/113"}],"wp:attachment":[{"href":"https:\/\/mctd.dk\/index.php\/wp-json\/wp\/v2\/media?parent=18"}],"curies":[{"name":"wp","href":"https:\/\/api.w.org\/{rel}","templated":true}]}}