{"id":10,"date":"2021-02-28T09:47:20","date_gmt":"2021-02-28T09:47:20","guid":{"rendered":"https:\/\/mctd.dk\/?page_id=10"},"modified":"2025-05-01T10:52:39","modified_gmt":"2025-05-01T10:52:39","slug":"kontakt","status":"publish","type":"page","link":"https:\/\/mctd.dk\/index.php\/kontakt\/","title":{"rendered":"Kontakt"},"content":{"rendered":"\n<p>\u00b7 mctd@valmue.dk &nbsp;<\/p>\n\n\n\n<p>\u00b7 Lene Abildgaard, tlf. 23280449, lene@valmue.dk&nbsp;<\/p>\n\n\n\n<p>\u00b7 Gigtforeningens r\u00e5dgivning er gratis og \u00e5ben for alle medlemmer. Vi tager hvert \u00e5r imod tusindvis af henvendelser fra mennesker med ondt i led, ryg og muskler, deres p\u00e5r\u00f8rende og fagfolk. \u00a0 \u00a0<a href=\"http:\/\/www.gigtforeningen.dk\/hjaelp-og-raad\/raadgivningen\/\" target=\"_blank\" rel=\"noreferrer noopener\">www.gigtforeningen.dk\/hjaelp-og-raad\/raadgivningen\/<\/a>\u00a0<\/p>\n\n\n\n<figure class=\"wp-block-image size-large\"><img loading=\"lazy\" decoding=\"async\" width=\"1024\" height=\"204\" src=\"https:\/\/mctd.dk\/wp-content\/uploads\/2021\/02\/Gigtforeningen-1024x204.png\" alt=\"\" class=\"wp-image-65\" srcset=\"https:\/\/mctd.dk\/wp-content\/uploads\/2021\/02\/Gigtforeningen-1024x204.png 1024w, https:\/\/mctd.dk\/wp-content\/uploads\/2021\/02\/Gigtforeningen-300x60.png 300w, https:\/\/mctd.dk\/wp-content\/uploads\/2021\/02\/Gigtforeningen-768x153.png 768w, https:\/\/mctd.dk\/wp-content\/uploads\/2021\/02\/Gigtforeningen.png 1187w\" sizes=\"auto, (max-width: 1024px) 100vw, 1024px\" \/><\/figure>\n","protected":false},"excerpt":{"rendered":"<p>\u00b7 mctd@valmue.dk &nbsp; \u00b7 Lene Abildgaard, tlf. 23280449, lene@valmue.dk&nbsp; \u00b7 Gigtforeningens r\u00e5dgivning er gratis og \u00e5ben for alle medlemmer. Vi tager hvert \u00e5r imod tusindvis af henvendelser fra mennesker med ondt i led, ryg og muskler, deres p\u00e5r\u00f8rende og fagfolk. \u00a0 \u00a0www.gigtforeningen.dk\/hjaelp-og-raad\/raadgivningen\/\u00a0<\/p>\n","protected":false},"author":1,"featured_media":0,"parent":0,"menu_order":0,"comment_status":"closed","ping_status":"closed","template":"","meta":{"footnotes":""},"class_list":["post-10","page","type-page","status-publish"],"_links":{"self":[{"href":"https:\/\/mctd.dk\/index.php\/wp-json\/wp\/v2\/pages\/10","targetHints":{"allow":["GET"]}}],"collection":[{"href":"https:\/\/mctd.dk\/index.php\/wp-json\/wp\/v2\/pages"}],"about":[{"href":"https:\/\/mctd.dk\/index.php\/wp-json\/wp\/v2\/types\/page"}],"author":[{"embeddable":true,"href":"https:\/\/mctd.dk\/index.php\/wp-json\/wp\/v2\/users\/1"}],"replies":[{"embeddable":true,"href":"https:\/\/mctd.dk\/index.php\/wp-json\/wp\/v2\/comments?post=10"}],"version-history":[{"count":6,"href":"https:\/\/mctd.dk\/index.php\/wp-json\/wp\/v2\/pages\/10\/revisions"}],"predecessor-version":[{"id":156,"href":"https:\/\/mctd.dk\/index.php\/wp-json\/wp\/v2\/pages\/10\/revisions\/156"}],"wp:attachment":[{"href":"https:\/\/mctd.dk\/index.php\/wp-json\/wp\/v2\/media?parent=10"}],"curies":[{"name":"wp","href":"https:\/\/api.w.org\/{rel}","templated":true}]}}